{"id":20,"date":"2017-08-22T13:38:06","date_gmt":"2017-08-22T13:38:06","guid":{"rendered":"http:\/\/polentex.cutme.pl\/?page_id=20"},"modified":"2019-01-31T13:02:24","modified_gmt":"2019-01-31T13:02:24","slug":"kontakt","status":"publish","type":"page","link":"http:\/\/polentex.cutme.pl\/en\/kontakt\/","title":{"rendered":"Contact"},"content":{"rendered":"<p>Zapraszamy Pa\u0144stwa do wsp\u00f3\u0142pracy i kontaktu. Pracujemy od Poniedzia\u0142ku do Pi\u0105tku w godz. od 8:00 do 15:00<\/p>\n<p>Wi\u0119cej informacji o naszej Polityce Prywatno\u015bci.<br \/>\n<a href=\"http:\/\/polentex.cutme.pl\/media\/uploads\/2017\/08\/Polentex-Polityka-prywatno\u015bci-RODO.pdf\">Polentex-Polityka-prywatno\u015bci-RODO<\/a><\/p>","protected":false},"excerpt":{"rendered":"<p>Zapraszamy Pa\u0144stwa do wsp\u00f3\u0142pracy i kontaktu. Pracujemy od Poniedzia\u0142ku do Pi\u0105tku w godz. od 8:00 do 15:00 Wi\u0119cej informacji o naszej Polityce Prywatno\u015bci. Polentex-Polityka-prywatno\u015bci-RODO<\/p>\n","protected":false},"author":1,"featured_media":0,"parent":0,"menu_order":0,"comment_status":"closed","ping_status":"closed","template":"page-contact.php","meta":[],"_links":{"self":[{"href":"http:\/\/polentex.cutme.pl\/en\/wp-json\/wp\/v2\/pages\/20"}],"collection":[{"href":"http:\/\/polentex.cutme.pl\/en\/wp-json\/wp\/v2\/pages"}],"about":[{"href":"http:\/\/polentex.cutme.pl\/en\/wp-json\/wp\/v2\/types\/page"}],"author":[{"embeddable":true,"href":"http:\/\/polentex.cutme.pl\/en\/wp-json\/wp\/v2\/users\/1"}],"replies":[{"embeddable":true,"href":"http:\/\/polentex.cutme.pl\/en\/wp-json\/wp\/v2\/comments?post=20"}],"version-history":[{"count":7,"href":"http:\/\/polentex.cutme.pl\/en\/wp-json\/wp\/v2\/pages\/20\/revisions"}],"predecessor-version":[{"id":1013,"href":"http:\/\/polentex.cutme.pl\/en\/wp-json\/wp\/v2\/pages\/20\/revisions\/1013"}],"wp:attachment":[{"href":"http:\/\/polentex.cutme.pl\/en\/wp-json\/wp\/v2\/media?parent=20"}],"curies":[{"name":"wp","href":"https:\/\/api.w.org\/{rel}","templated":true}]}}